{"id":3153,"date":"2023-10-17T18:46:09","date_gmt":"2023-10-17T11:46:09","guid":{"rendered":"https:\/\/www.paderborn.com.vn\/de\/?page_id=3153"},"modified":"2023-10-26T10:17:28","modified_gmt":"2023-10-26T03:17:28","slug":"paderborn-brauerei","status":"publish","type":"page","link":"https:\/\/www.paderborn.com.vn\/de\/einfuhrung\/paderborn-brauerei\/","title":{"rendered":"PADERBORN BRAUEREI"},"content":{"rendered":"\t\t<div data-elementor-type=\"wp-page\" data-elementor-id=\"3153\" class=\"elementor elementor-3153\" data-elementor-post-type=\"page\">\n\t\t\t\t\t\t\t\t\t<section class=\"elementor-section elementor-top-section elementor-element elementor-element-ca7541c elementor-section-height-min-height elementor-section-full_width elementor-section-height-default elementor-section-items-middle\" data-id=\"ca7541c\" data-element_type=\"section\" data-settings=\"{&quot;background_background&quot;:&quot;slideshow&quot;,&quot;background_slideshow_gallery&quot;:[{&quot;id&quot;:3068,&quot;url&quot;:&quot;https:\\\/\\\/www.paderborn.com.vn\\\/de\\\/wp-content\\\/uploads\\\/2023\\\/10\\\/header_banner_child_1440_480_01.jpg&quot;},{&quot;id&quot;:3072,&quot;url&quot;:&quot;https:\\\/\\\/www.paderborn.com.vn\\\/de\\\/wp-content\\\/uploads\\\/2023\\\/10\\\/header_banner_child_1440_480_01-1.jpg&quot;}],&quot;background_slideshow_transition_duration&quot;:5000,&quot;background_slideshow_slide_duration&quot;:0,&quot;background_slideshow_slide_transition&quot;:&quot;slide_up&quot;,&quot;background_slideshow_loop&quot;:&quot;yes&quot;}\">\n\t\t\t\t\t\t\t<div class=\"elementor-background-overlay\"><\/div>\n\t\t\t\t\t\t\t<div class=\"elementor-container elementor-column-gap-no\">\n\t\t\t\t\t<div class=\"elementor-column elementor-col-100 elementor-top-column elementor-element elementor-element-be10890\" data-id=\"be10890\" data-element_type=\"column\">\n\t\t\t<div class=\"elementor-widget-wrap elementor-element-populated\">\n\t\t\t\t\t\t\t\t<div class=\"elementor-element elementor-element-30c2f5b animated-slow elementor-invisible elementor-widget elementor-widget-heading\" data-id=\"30c2f5b\" data-element_type=\"widget\" data-settings=\"{&quot;_animation&quot;:&quot;fadeInDown&quot;,&quot;_animation_delay&quot;:200}\" data-widget_type=\"heading.default\">\n\t\t\t\t<div class=\"elementor-widget-container\">\n\t\t\t<style>\/*! elementor - v3.16.0 - 17-10-2023 *\/\n.elementor-heading-title{padding:0;margin:0;line-height:1}.elementor-widget-heading .elementor-heading-title[class*=elementor-size-]>a{color:inherit;font-size:inherit;line-height:inherit}.elementor-widget-heading .elementor-heading-title.elementor-size-small{font-size:15px}.elementor-widget-heading .elementor-heading-title.elementor-size-medium{font-size:19px}.elementor-widget-heading .elementor-heading-title.elementor-size-large{font-size:29px}.elementor-widget-heading .elementor-heading-title.elementor-size-xl{font-size:39px}.elementor-widget-heading .elementor-heading-title.elementor-size-xxl{font-size:59px}<\/style><h1 class=\"elementor-heading-title elementor-size-default\">KANN NICHT VERZ\u00d6GERN!<\/h1>\t\t<\/div>\n\t\t\t\t<\/div>\n\t\t\t\t\t<\/div>\n\t\t<\/div>\n\t\t\t\t\t\t\t<\/div>\n\t\t<\/section>\n\t\t\t\t<section class=\"elementor-section elementor-top-section elementor-element elementor-element-4ab7298 animated-slow elementor-section-boxed elementor-section-height-default elementor-section-height-default\" data-id=\"4ab7298\" data-element_type=\"section\" data-settings=\"{&quot;animation&quot;:&quot;none&quot;,&quot;animation_delay&quot;:500}\">\n\t\t\t\t\t\t<div class=\"elementor-container elementor-column-gap-default\">\n\t\t\t\t\t<div class=\"elementor-column elementor-col-100 elementor-top-column elementor-element elementor-element-9627419 animated-slow\" data-id=\"9627419\" data-element_type=\"column\" data-settings=\"{&quot;background_background&quot;:&quot;classic&quot;,&quot;animation&quot;:&quot;none&quot;,&quot;animation_delay&quot;:100}\">\n\t\t\t<div class=\"elementor-widget-wrap elementor-element-populated\">\n\t\t\t\t\t\t\t\t<div class=\"elementor-element elementor-element-9cc06c8 elementor-widget__width-inherit elementor-widget elementor-widget-heading\" data-id=\"9cc06c8\" data-element_type=\"widget\" data-widget_type=\"heading.default\">\n\t\t\t\t<div class=\"elementor-widget-container\">\n\t\t\t<h2 class=\"elementor-heading-title elementor-size-default\">PADERBORN BRAUEREI\n\n<\/h2>\t\t<\/div>\n\t\t\t\t<\/div>\n\t\t\t\t\t<\/div>\n\t\t<\/div>\n\t\t\t\t\t\t\t<\/div>\n\t\t<\/section>\n\t\t\t\t<section class=\"elementor-section elementor-top-section elementor-element elementor-element-03e343d animated-slow elementor-section-full_width elementor-section-height-default elementor-section-height-default\" data-id=\"03e343d\" data-element_type=\"section\" data-settings=\"{&quot;animation&quot;:&quot;none&quot;,&quot;animation_delay&quot;:500}\">\n\t\t\t\t\t\t<div class=\"elementor-container elementor-column-gap-default\">\n\t\t\t\t\t<div class=\"elementor-column elementor-col-50 elementor-top-column elementor-element elementor-element-431ee61 animated-slow\" data-id=\"431ee61\" data-element_type=\"column\" data-settings=\"{&quot;background_background&quot;:&quot;classic&quot;,&quot;animation&quot;:&quot;none&quot;,&quot;animation_delay&quot;:100}\">\n\t\t\t<div class=\"elementor-widget-wrap elementor-element-populated\">\n\t\t\t\t\t\t\t\t<div class=\"elementor-element elementor-element-d4a9816 elementor-widget elementor-widget-text-editor\" data-id=\"d4a9816\" data-element_type=\"widget\" data-widget_type=\"text-editor.default\">\n\t\t\t\t<div class=\"elementor-widget-container\">\n\t\t\t<style>\/*! elementor - v3.16.0 - 17-10-2023 *\/\n.elementor-widget-text-editor.elementor-drop-cap-view-stacked .elementor-drop-cap{background-color:#69727d;color:#fff}.elementor-widget-text-editor.elementor-drop-cap-view-framed .elementor-drop-cap{color:#69727d;border:3px solid;background-color:transparent}.elementor-widget-text-editor:not(.elementor-drop-cap-view-default) .elementor-drop-cap{margin-top:8px}.elementor-widget-text-editor:not(.elementor-drop-cap-view-default) .elementor-drop-cap-letter{width:1em;height:1em}.elementor-widget-text-editor .elementor-drop-cap{float:left;text-align:center;line-height:1;font-size:50px}.elementor-widget-text-editor .elementor-drop-cap-letter{display:inline-block}<\/style>\t\t\t\t<p><span style=\"font-weight: 400;\">Die Paderborner Brauerei, eine moderne und leistungsf\u00e4hige Brauerei mit einer Bierbrautradition, die bis ins Jahr 1852 zur\u00fcckreicht, geh\u00f6rt seit 1990 zur Warsteiner Gruppe.<\/span><\/p><p><br \/><br \/><\/p><p><span style=\"font-weight: 400;\">Die Paderborner Brauerei stellt eine breite Palette von Bierprodukten her, darunter Paderborner Pilsener, Export, Hell, Alt, Alkoholfrei, Radler und Alkoholfreies Malz. Zu den regionalen Spezialit\u00e4ten geh\u00f6ren Paderborner Pilger (ein naturtr\u00fcbes Landbier mit mildem Geschmack), Pilger Ur-Radler (alkoholfreies Pilger), Liborius Dunkel (mit hochwertigen R\u00f6stmalzen) und Geselle auf der Walz. Die Brauerei stellt auch hochwertige lokale Fassbiermarken wie Isenbeck Premium Pils, Weissenburg Pilsener und Paderborner Gold her.<\/span><\/p><p><br \/><br \/><br \/><br \/><\/p><p><span style=\"font-weight: 400;\">Im Einklang mit unserem Engagement f\u00fcr eine nachhaltige Entwicklung sind wir stolz darauf, in der Paderborner Brauerei Bier mit Windenergie herzustellen.\u00a0<\/span><\/p><p>\u00a0<\/p><p><span style=\"font-weight: 400;\">Paderborner ist das erste Bier in Deutschland, das mit Windenergie hergestellt wird, und unsere Windkraftanlagen decken 40 % unseres j\u00e4hrlichen Strombedarfs. So k\u00f6nnen wir fossile Brennstoffe durch erneuerbare Energie ersetzen und kontinuierlich \u00f6kologisch nachhaltig arbeiten.<\/span><\/p><p><br \/><br \/><br \/><\/p><p><span style=\"font-weight: 400;\">Dieser Standort ist einer der windreichsten Binnenstandorte Deutschlands. Die Paderborner Windkraftanlagen k\u00f6nnen j\u00e4hrlich rund 5 Millionen Kilowattstunden (kWh) Strom erzeugen. Die Gesamth\u00f6he dieses beeindruckenden Komplexes betr\u00e4gt 170 m &#8211; 12 m h\u00f6her als der K\u00f6lner Dom!<\/span><\/p><p>\u00a0<\/p><p><span style=\"font-weight: 400;\">Paderborner &#8211; Ein Bier mit Tradition<\/span><\/p><p><br \/><br \/><\/p><p><span style=\"font-weight: 400;\">Im Mittelalter war es jedermann erlaubt, Bier zu brauen, was zu einer starken Zunahme der Brauereien in Paderborn f\u00fchrte. Dieser Trend hielt sich \u00fcber Jahrhunderte an, und im 16. Jahrhundert gab es sch\u00e4tzungsweise 400 Brauereien in der Stadt. Paderwasser und Paderborner Hopfen waren sehr beliebt und eigneten sich hervorragend zum Brauen von k\u00f6stlichen Bieren.<\/span><\/p><p>\u00a0<\/p><p><span style=\"font-weight: 400;\">Im 18. Jahrhundert waren noch viele Kl\u00f6ster, Z\u00fcnfte und Hospit\u00e4ler am Bierbrauen beteiligt. Diese Zahl ging jedoch in den folgenden Jahrhunderten stark zur\u00fcck, und um 1900 gab es in Paderborn nur noch f\u00fcnf Brauereien. Die Paderborner Brauerei ging aus der &#8220;Hillemeyer-Brauerei&#8221; unter dem Namen &#8220;Paderborner Actienbrauerei&#8221; hervor. 1918, unmittelbar nach dem Ersten Weltkrieg, fusionierte die Paderborner Actien Brauerei mit der Vereinsbrauerei Sch\u00f6nbeck &amp; Co. und wurde in &#8220;Paderborner Vereinsbrauerei GmbH&#8221; umbenannt. Im Jahr 1965 wurde die Brauerei in &#8220;Paderborner GmbH Brauerei&#8221; umbenannt. 1983 wurde die Brauerei im Stadtzentrum aufgegeben und an einen neuen Standort im Gewerbegebiet M\u00f6nkeloh verlegt. Heute weist nur noch der Stra\u00dfenname &#8220;Alte Brauerei&#8221; auf diesem traditionsreichen Ort hin. Im Jahr 1990 verkaufte die Familie Nies, der die Brauerei geh\u00f6rte, das Unternehmen an die Warsteiner Brauerei. Seitdem werden unter dem neuen Namen &#8220;Paderborner Brauhaus Cramer&#8221; viele verschiedene Biersorten mit gro\u00dfem Erfolg hergestellt.<\/span><\/p><p><span style=\"font-weight: 400;\">Der Erfolg der Paderborner Snobby-Flasche<\/span><\/p><p><br \/><br \/><\/p><p><span style=\"font-weight: 400;\">Ein ganz besonderes Ereignis auf dem gro\u00dfen deutschen Biermarkt war in den 1970er Jahren die Geburt der Snobby-Flasche. Die einzigartige Form der Einweg-Glasflasche hat gro\u00dfen Anklang bei den Verbrauchern gefunden. Ihr unverwechselbares Design hat sie in der Region bekannt und bei Bierliebhabern beliebt gemacht. Der Verschluss der Flasche ist mit einem Aufrei\u00dfring versehen, der sich ohne fremde Hilfe leicht \u00f6ffnen l\u00e4sst. Diese Snobby-Flasche verschwand vom Markt, als die Produktion Ende der 1980er Jahre auf Mehrwegflaschen umgestellt wurde. Vielleicht auch, weil der Markt heute wiederverwendbare Glasflaschen oder Dosen verlangt, ist die Snobby-Flasche nicht mehr erh\u00e4ltlich.<\/span><\/p>\t\t\t\t\t\t<\/div>\n\t\t\t\t<\/div>\n\t\t\t\t\t<\/div>\n\t\t<\/div>\n\t\t\t\t<div class=\"elementor-column elementor-col-50 elementor-top-column elementor-element elementor-element-92de2b0 animated-slow\" data-id=\"92de2b0\" data-element_type=\"column\" data-settings=\"{&quot;background_background&quot;:&quot;classic&quot;,&quot;animation&quot;:&quot;none&quot;,&quot;animation_delay&quot;:100}\">\n\t\t\t<div class=\"elementor-widget-wrap elementor-element-populated\">\n\t\t\t\t\t\t\t\t<div class=\"elementor-element elementor-element-6f077df elementor-widget elementor-widget-image\" data-id=\"6f077df\" data-element_type=\"widget\" data-widget_type=\"image.default\">\n\t\t\t\t<div class=\"elementor-widget-container\">\n\t\t\t<style>\/*! elementor - v3.16.0 - 17-10-2023 *\/\n.elementor-widget-image{text-align:center}.elementor-widget-image a{display:inline-block}.elementor-widget-image a img[src$=\".svg\"]{width:48px}.elementor-widget-image img{vertical-align:middle;display:inline-block}<\/style>\t\t\t\t\t\t\t\t\t<figure class=\"wp-caption\">\n\t\t\t\t\t\t\t\t\t\t<img decoding=\"async\" src=\"https:\/\/www.paderborn.com.vn\/de\/wp-content\/uploads\/2023\/10\/Paderborner_Brauerei_Luftaufnahme_Windrad_1-600-400.jpg\" title=\"Paderborner_Brauerei_Luftaufnahme_Windrad_1 600 400\" alt=\"Paderborner_Brauerei_Luftaufnahme_Windrad_1 600 400\" loading=\"lazy\" \/>\t\t\t\t\t\t\t\t\t\t\t<figcaption class=\"widget-image-caption wp-caption-text\">PADERBORN BRAUEREI<\/figcaption>\n\t\t\t\t\t\t\t\t\t\t<\/figure>\n\t\t\t\t\t\t\t\t\t<\/div>\n\t\t\t\t<\/div>\n\t\t\t\t<div class=\"elementor-element elementor-element-2207d1b elementor-widget elementor-widget-text-editor\" data-id=\"2207d1b\" data-element_type=\"widget\" data-widget_type=\"text-editor.default\">\n\t\t\t\t<div class=\"elementor-widget-container\">\n\t\t\t\t\t\t\t<blockquote><p style=\"text-align: center;\"><strong>Bestellhotline<\/strong>: +84 9 3777 1666<\/p><\/blockquote>\t\t\t\t\t\t<\/div>\n\t\t\t\t<\/div>\n\t\t\t\t\t<\/div>\n\t\t<\/div>\n\t\t\t\t\t\t\t<\/div>\n\t\t<\/section>\n\t\t\t\t<section class=\"elementor-section elementor-top-section elementor-element elementor-element-caef436 animated-slow elementor-section-boxed elementor-section-height-default elementor-section-height-default\" data-id=\"caef436\" data-element_type=\"section\" data-settings=\"{&quot;animation&quot;:&quot;none&quot;,&quot;animation_delay&quot;:500}\">\n\t\t\t\t\t\t<div class=\"elementor-container elementor-column-gap-default\">\n\t\t\t\t\t<div class=\"elementor-column elementor-col-100 elementor-top-column elementor-element elementor-element-bf03e44 animated-slow\" data-id=\"bf03e44\" data-element_type=\"column\" data-settings=\"{&quot;background_background&quot;:&quot;classic&quot;,&quot;animation&quot;:&quot;none&quot;,&quot;animation_delay&quot;:100}\">\n\t\t\t<div class=\"elementor-widget-wrap elementor-element-populated\">\n\t\t\t\t\t\t\t\t\t<\/div>\n\t\t<\/div>\n\t\t\t\t\t\t\t<\/div>\n\t\t<\/section>\n\t\t\t\t\t\t\t<\/div>\n\t\t","protected":false},"excerpt":{"rendered":"<p>KANN NICHT VERZ\u00d6GERN! PADERBORN BRAUEREI Die Paderborner Brauerei, eine moderne und leistungsf\u00e4hige Brauerei mit einer Bierbrautradition, die bis ins Jahr 1852 zur\u00fcckreicht, geh\u00f6rt seit 1990 zur Warsteiner Gruppe. Die Paderborner Brauerei stellt eine breite Palette von Bierprodukten her, darunter Paderborner Pilsener, Export, Hell, Alt, Alkoholfrei, Radler und Alkoholfreies Malz. Zu den regionalen Spezialit\u00e4ten geh\u00f6ren Paderborner &hellip;<\/p>\n<p class=\"read-more\"> <a class=\"\" href=\"https:\/\/www.paderborn.com.vn\/de\/einfuhrung\/paderborn-brauerei\/\"> <span class=\"screen-reader-text\">PADERBORN BRAUEREI<\/span> Read More &raquo;<\/a><\/p>\n","protected":false},"author":1,"featured_media":0,"parent":3163,"menu_order":2,"comment_status":"closed","ping_status":"closed","template":"","meta":{"site-sidebar-layout":"no-sidebar","site-content-layout":"page-builder","ast-site-content-layout":"","site-content-style":"default","site-sidebar-style":"default","ast-global-header-display":"","ast-banner-title-visibility":"","ast-main-header-display":"","ast-hfb-above-header-display":"","ast-hfb-below-header-display":"","ast-hfb-mobile-header-display":"","site-post-title":"disabled","ast-breadcrumbs-content":"","ast-featured-img":"disabled","footer-sml-layout":"","theme-transparent-header-meta":"enabled","adv-header-id-meta":"","stick-header-meta":"","header-above-stick-meta":"","header-main-stick-meta":"","header-below-stick-meta":"","astra-migrate-meta-layouts":"","footnotes":""},"class_list":["post-3153","page","type-page","status-publish","hentry"],"_links":{"self":[{"href":"https:\/\/www.paderborn.com.vn\/de\/wp-json\/wp\/v2\/pages\/3153","targetHints":{"allow":["GET"]}}],"collection":[{"href":"https:\/\/www.paderborn.com.vn\/de\/wp-json\/wp\/v2\/pages"}],"about":[{"href":"https:\/\/www.paderborn.com.vn\/de\/wp-json\/wp\/v2\/types\/page"}],"author":[{"embeddable":true,"href":"https:\/\/www.paderborn.com.vn\/de\/wp-json\/wp\/v2\/users\/1"}],"replies":[{"embeddable":true,"href":"https:\/\/www.paderborn.com.vn\/de\/wp-json\/wp\/v2\/comments?post=3153"}],"version-history":[{"count":17,"href":"https:\/\/www.paderborn.com.vn\/de\/wp-json\/wp\/v2\/pages\/3153\/revisions"}],"predecessor-version":[{"id":3565,"href":"https:\/\/www.paderborn.com.vn\/de\/wp-json\/wp\/v2\/pages\/3153\/revisions\/3565"}],"up":[{"embeddable":true,"href":"https:\/\/www.paderborn.com.vn\/de\/wp-json\/wp\/v2\/pages\/3163"}],"wp:attachment":[{"href":"https:\/\/www.paderborn.com.vn\/de\/wp-json\/wp\/v2\/media?parent=3153"}],"curies":[{"name":"wp","href":"https:\/\/api.w.org\/{rel}","templated":true}]}}