{"id":3198,"date":"2023-10-17T20:36:58","date_gmt":"2023-10-17T13:36:58","guid":{"rendered":"https:\/\/www.paderborn.com.vn\/de\/?page_id=3198"},"modified":"2023-10-26T10:26:37","modified_gmt":"2023-10-26T03:26:37","slug":"paderborner-export","status":"publish","type":"page","link":"https:\/\/www.paderborn.com.vn\/de\/paderborner-bier\/paderborner-export\/","title":{"rendered":"PADERBORNER EXPORT"},"content":{"rendered":"\t\t<div data-elementor-type=\"wp-page\" data-elementor-id=\"3198\" class=\"elementor elementor-3198\" data-elementor-post-type=\"page\">\n\t\t\t\t\t\t\t\t\t<section class=\"elementor-section elementor-top-section elementor-element elementor-element-ca7541c elementor-section-height-min-height elementor-section-full_width elementor-section-height-default elementor-section-items-middle\" data-id=\"ca7541c\" data-element_type=\"section\" data-settings=\"{&quot;background_background&quot;:&quot;slideshow&quot;,&quot;background_slideshow_gallery&quot;:[{&quot;id&quot;:3068,&quot;url&quot;:&quot;https:\\\/\\\/www.paderborn.com.vn\\\/de\\\/wp-content\\\/uploads\\\/2023\\\/10\\\/header_banner_child_1440_480_01.jpg&quot;},{&quot;id&quot;:3072,&quot;url&quot;:&quot;https:\\\/\\\/www.paderborn.com.vn\\\/de\\\/wp-content\\\/uploads\\\/2023\\\/10\\\/header_banner_child_1440_480_01-1.jpg&quot;}],&quot;background_slideshow_transition_duration&quot;:5000,&quot;background_slideshow_slide_duration&quot;:0,&quot;background_slideshow_slide_transition&quot;:&quot;slide_up&quot;,&quot;background_slideshow_loop&quot;:&quot;yes&quot;}\">\n\t\t\t\t\t\t\t<div class=\"elementor-background-overlay\"><\/div>\n\t\t\t\t\t\t\t<div class=\"elementor-container elementor-column-gap-no\">\n\t\t\t\t\t<div class=\"elementor-column elementor-col-100 elementor-top-column elementor-element elementor-element-be10890\" data-id=\"be10890\" data-element_type=\"column\">\n\t\t\t<div class=\"elementor-widget-wrap elementor-element-populated\">\n\t\t\t\t\t\t\t\t<div class=\"elementor-element elementor-element-30c2f5b animated-slow elementor-invisible elementor-widget elementor-widget-heading\" data-id=\"30c2f5b\" data-element_type=\"widget\" data-settings=\"{&quot;_animation&quot;:&quot;fadeInDown&quot;,&quot;_animation_delay&quot;:200}\" data-widget_type=\"heading.default\">\n\t\t\t\t<div class=\"elementor-widget-container\">\n\t\t\t<style>\/*! elementor - v3.16.0 - 17-10-2023 *\/\n.elementor-heading-title{padding:0;margin:0;line-height:1}.elementor-widget-heading .elementor-heading-title[class*=elementor-size-]>a{color:inherit;font-size:inherit;line-height:inherit}.elementor-widget-heading .elementor-heading-title.elementor-size-small{font-size:15px}.elementor-widget-heading .elementor-heading-title.elementor-size-medium{font-size:19px}.elementor-widget-heading .elementor-heading-title.elementor-size-large{font-size:29px}.elementor-widget-heading .elementor-heading-title.elementor-size-xl{font-size:39px}.elementor-widget-heading .elementor-heading-title.elementor-size-xxl{font-size:59px}<\/style><h1 class=\"elementor-heading-title elementor-size-default\">KANN NICHT VERZ\u00d6GERN!<\/h1>\t\t<\/div>\n\t\t\t\t<\/div>\n\t\t\t\t\t<\/div>\n\t\t<\/div>\n\t\t\t\t\t\t\t<\/div>\n\t\t<\/section>\n\t\t\t\t<section class=\"elementor-section elementor-top-section elementor-element elementor-element-e76af8f animated-slow elementor-section-boxed elementor-section-height-default elementor-section-height-default\" data-id=\"e76af8f\" data-element_type=\"section\" data-settings=\"{&quot;animation&quot;:&quot;none&quot;,&quot;animation_delay&quot;:500}\">\n\t\t\t\t\t\t<div class=\"elementor-container elementor-column-gap-default\">\n\t\t\t\t\t<div class=\"elementor-column elementor-col-100 elementor-top-column elementor-element elementor-element-58731f9 animated-slow\" data-id=\"58731f9\" data-element_type=\"column\" data-settings=\"{&quot;background_background&quot;:&quot;classic&quot;,&quot;animation&quot;:&quot;none&quot;,&quot;animation_delay&quot;:100}\">\n\t\t\t<div class=\"elementor-widget-wrap elementor-element-populated\">\n\t\t\t\t\t\t\t\t<div class=\"elementor-element elementor-element-6c7167a elementor-widget__width-inherit elementor-widget elementor-widget-heading\" data-id=\"6c7167a\" data-element_type=\"widget\" data-widget_type=\"heading.default\">\n\t\t\t\t<div class=\"elementor-widget-container\">\n\t\t\t<h2 class=\"elementor-heading-title elementor-size-default\">GENIESSEN SIE DIE REINE ESSENZ IN JEDEM TROPFEN PADERBORNER BIER!<\/h2>\t\t<\/div>\n\t\t\t\t<\/div>\n\t\t\t\t\t<\/div>\n\t\t<\/div>\n\t\t\t\t\t\t\t<\/div>\n\t\t<\/section>\n\t\t\t\t<section class=\"elementor-section elementor-top-section elementor-element elementor-element-aa79754 animated-slow elementor-section-full_width elementor-section-height-default elementor-section-height-default\" data-id=\"aa79754\" data-element_type=\"section\" data-settings=\"{&quot;animation&quot;:&quot;none&quot;,&quot;animation_delay&quot;:500}\">\n\t\t\t\t\t\t<div class=\"elementor-container elementor-column-gap-default\">\n\t\t\t\t\t<div class=\"elementor-column elementor-col-50 elementor-top-column elementor-element elementor-element-15863db animated-slow\" data-id=\"15863db\" data-element_type=\"column\" data-settings=\"{&quot;background_background&quot;:&quot;classic&quot;,&quot;animation&quot;:&quot;none&quot;,&quot;animation_delay&quot;:100}\">\n\t\t\t<div class=\"elementor-widget-wrap elementor-element-populated\">\n\t\t\t\t\t\t\t\t<div class=\"elementor-element elementor-element-50f56bd elementor-widget elementor-widget-image\" data-id=\"50f56bd\" data-element_type=\"widget\" data-widget_type=\"image.default\">\n\t\t\t\t<div class=\"elementor-widget-container\">\n\t\t\t<style>\/*! elementor - v3.16.0 - 17-10-2023 *\/\n.elementor-widget-image{text-align:center}.elementor-widget-image a{display:inline-block}.elementor-widget-image a img[src$=\".svg\"]{width:48px}.elementor-widget-image img{vertical-align:middle;display:inline-block}<\/style>\t\t\t\t\t\t\t\t\t<figure class=\"wp-caption\">\n\t\t\t\t\t\t\t\t\t\t<img decoding=\"async\" src=\"https:\/\/www.paderborn.com.vn\/de\/wp-content\/uploads\/elementor\/thumbs\/export-product-photos-02-qe9n7kj9yafpnl9sgkxai6skm8jqm69kvjap7hgirk.jpg\" title=\"export product photos &#8211; 02\" alt=\"export product photos - 02\" loading=\"lazy\" \/>\t\t\t\t\t\t\t\t\t\t\t<figcaption class=\"widget-image-caption wp-caption-text\">PADERBORNER EXPORT<\/figcaption>\n\t\t\t\t\t\t\t\t\t\t<\/figure>\n\t\t\t\t\t\t\t\t\t<\/div>\n\t\t\t\t<\/div>\n\t\t\t\t\t<\/div>\n\t\t<\/div>\n\t\t\t\t<div class=\"elementor-column elementor-col-50 elementor-top-column elementor-element elementor-element-789d22e animated-slow\" data-id=\"789d22e\" data-element_type=\"column\" data-settings=\"{&quot;background_background&quot;:&quot;classic&quot;,&quot;animation&quot;:&quot;none&quot;,&quot;animation_delay&quot;:100}\">\n\t\t\t<div class=\"elementor-widget-wrap elementor-element-populated\">\n\t\t\t\t\t\t\t\t<div class=\"elementor-element elementor-element-1f7ef6f elementor-widget elementor-widget-text-editor\" data-id=\"1f7ef6f\" data-element_type=\"widget\" data-widget_type=\"text-editor.default\">\n\t\t\t\t<div class=\"elementor-widget-container\">\n\t\t\t<style>\/*! elementor - v3.16.0 - 17-10-2023 *\/\n.elementor-widget-text-editor.elementor-drop-cap-view-stacked .elementor-drop-cap{background-color:#69727d;color:#fff}.elementor-widget-text-editor.elementor-drop-cap-view-framed .elementor-drop-cap{color:#69727d;border:3px solid;background-color:transparent}.elementor-widget-text-editor:not(.elementor-drop-cap-view-default) .elementor-drop-cap{margin-top:8px}.elementor-widget-text-editor:not(.elementor-drop-cap-view-default) .elementor-drop-cap-letter{width:1em;height:1em}.elementor-widget-text-editor .elementor-drop-cap{float:left;text-align:center;line-height:1;font-size:50px}.elementor-widget-text-editor .elementor-drop-cap-letter{display:inline-block}<\/style>\t\t\t\t<p><span style=\"font-weight: 400;\">Pilsener ist eine Biersorte, die vor langer Zeit in der Tschechischen Republik geboren wurde. Paderborner Export 5,5% ist eine Pilsener Bierlinie, die in zwei Dosengr\u00f6\u00dfen erh\u00e4ltlich ist: 330 ml und 500 ml. Die Biersorte wird durch die Kultivierung von Hefe aus dem oberen Teil des Tanks hergestellt. Die Brauzeit betr\u00e4gt zwischen 30 und 40 Tagen, wobei speziell gereinigtes Wasser und sorgf\u00e4ltig ausgew\u00e4hlte Hopfensorten verwendet werden. Dies verleiht dem Bier seinen authentischen Geschmack.<\/span><\/p><p>\u00a0<\/p><p><span style=\"font-weight: 400;\">Paderborner Export ist ein helles Bier mit einem gro\u00dfen, feinporigen Schaum und einem duftenden Hopfenaroma. Es hat eine milde W\u00fcrze, eine volle Textur und eine leichte Bitterkeit. Das Bier ist bei Bierliebhabern beliebt, die einen erfrischenden und schmackhaften Genuss suchen.<\/span><\/p><p>\u00a0<\/p><p><span style=\"font-weight: 400;\">Wir sind sehr stolz auf das Paderborner Pilsener, ein einzigartig leidenschaftliches westf\u00e4lisches Bier, das seit 1852 gebraut wird. Seine hellgoldgelbe Farbe und die wei\u00dfe Schaumkrone sind ein Genuss f\u00fcr die Augen, und sein Geschmack ist noch faszinierender.<\/span><\/p>\t\t\t\t\t\t<\/div>\n\t\t\t\t<\/div>\n\t\t\t\t<div class=\"elementor-element elementor-element-ff2b035 elementor-widget elementor-widget-text-editor\" data-id=\"ff2b035\" data-element_type=\"widget\" data-widget_type=\"text-editor.default\">\n\t\t\t\t<div class=\"elementor-widget-container\">\n\t\t\t\t\t\t\t<blockquote><p style=\"text-align: center;\"><strong>Bestellhotline<\/strong>: +84 9 3777 1666<\/p><\/blockquote>\t\t\t\t\t\t<\/div>\n\t\t\t\t<\/div>\n\t\t\t\t\t<\/div>\n\t\t<\/div>\n\t\t\t\t\t\t\t<\/div>\n\t\t<\/section>\n\t\t\t\t<section class=\"elementor-section elementor-top-section elementor-element elementor-element-caef436 animated-slow elementor-section-boxed elementor-section-height-default elementor-section-height-default\" data-id=\"caef436\" data-element_type=\"section\" data-settings=\"{&quot;animation&quot;:&quot;none&quot;,&quot;animation_delay&quot;:500}\">\n\t\t\t\t\t\t<div class=\"elementor-container elementor-column-gap-default\">\n\t\t\t\t\t<div class=\"elementor-column elementor-col-100 elementor-top-column elementor-element elementor-element-bf03e44 animated-slow\" data-id=\"bf03e44\" data-element_type=\"column\" data-settings=\"{&quot;background_background&quot;:&quot;classic&quot;,&quot;animation&quot;:&quot;none&quot;,&quot;animation_delay&quot;:100}\">\n\t\t\t<div class=\"elementor-widget-wrap elementor-element-populated\">\n\t\t\t\t\t\t\t\t\t<\/div>\n\t\t<\/div>\n\t\t\t\t\t\t\t<\/div>\n\t\t<\/section>\n\t\t\t\t\t\t\t<\/div>\n\t\t","protected":false},"excerpt":{"rendered":"<p>KANN NICHT VERZ\u00d6GERN! GENIESSEN SIE DIE REINE ESSENZ IN JEDEM TROPFEN PADERBORNER BIER! PADERBORNER EXPORT Pilsener ist eine Biersorte, die vor langer Zeit in der Tschechischen Republik geboren wurde. Paderborner Export 5,5% ist eine Pilsener Bierlinie, die in zwei Dosengr\u00f6\u00dfen erh\u00e4ltlich ist: 330 ml und 500 ml. Die Biersorte wird durch die Kultivierung von Hefe &hellip;<\/p>\n<p class=\"read-more\"> <a class=\"\" href=\"https:\/\/www.paderborn.com.vn\/de\/paderborner-bier\/paderborner-export\/\"> <span class=\"screen-reader-text\">PADERBORNER EXPORT<\/span> Read More &raquo;<\/a><\/p>\n","protected":false},"author":1,"featured_media":0,"parent":3195,"menu_order":1,"comment_status":"closed","ping_status":"closed","template":"","meta":{"site-sidebar-layout":"no-sidebar","site-content-layout":"page-builder","ast-site-content-layout":"","site-content-style":"default","site-sidebar-style":"default","ast-global-header-display":"","ast-banner-title-visibility":"","ast-main-header-display":"","ast-hfb-above-header-display":"","ast-hfb-below-header-display":"","ast-hfb-mobile-header-display":"","site-post-title":"disabled","ast-breadcrumbs-content":"","ast-featured-img":"disabled","footer-sml-layout":"","theme-transparent-header-meta":"enabled","adv-header-id-meta":"","stick-header-meta":"","header-above-stick-meta":"","header-main-stick-meta":"","header-below-stick-meta":"","astra-migrate-meta-layouts":"","footnotes":""},"class_list":["post-3198","page","type-page","status-publish","hentry"],"_links":{"self":[{"href":"https:\/\/www.paderborn.com.vn\/de\/wp-json\/wp\/v2\/pages\/3198","targetHints":{"allow":["GET"]}}],"collection":[{"href":"https:\/\/www.paderborn.com.vn\/de\/wp-json\/wp\/v2\/pages"}],"about":[{"href":"https:\/\/www.paderborn.com.vn\/de\/wp-json\/wp\/v2\/types\/page"}],"author":[{"embeddable":true,"href":"https:\/\/www.paderborn.com.vn\/de\/wp-json\/wp\/v2\/users\/1"}],"replies":[{"embeddable":true,"href":"https:\/\/www.paderborn.com.vn\/de\/wp-json\/wp\/v2\/comments?post=3198"}],"version-history":[{"count":13,"href":"https:\/\/www.paderborn.com.vn\/de\/wp-json\/wp\/v2\/pages\/3198\/revisions"}],"predecessor-version":[{"id":3575,"href":"https:\/\/www.paderborn.com.vn\/de\/wp-json\/wp\/v2\/pages\/3198\/revisions\/3575"}],"up":[{"embeddable":true,"href":"https:\/\/www.paderborn.com.vn\/de\/wp-json\/wp\/v2\/pages\/3195"}],"wp:attachment":[{"href":"https:\/\/www.paderborn.com.vn\/de\/wp-json\/wp\/v2\/media?parent=3198"}],"curies":[{"name":"wp","href":"https:\/\/api.w.org\/{rel}","templated":true}]}}