{"id":3608,"date":"2024-10-21T23:02:51","date_gmt":"2024-10-21T16:02:51","guid":{"rendered":"https:\/\/www.paderborn.com.vn\/de\/?page_id=3608"},"modified":"2024-10-21T23:05:33","modified_gmt":"2024-10-21T16:05:33","slug":"paderborner-hell","status":"publish","type":"page","link":"https:\/\/www.paderborn.com.vn\/de\/paderborner-bier\/paderborner-hell\/","title":{"rendered":"PADERBORNER HELL"},"content":{"rendered":"\t\t<div data-elementor-type=\"wp-page\" data-elementor-id=\"3608\" class=\"elementor elementor-3608\" data-elementor-post-type=\"page\">\n\t\t\t\t\t\t\t\t\t<section class=\"elementor-section elementor-top-section elementor-element elementor-element-ca7541c elementor-section-height-min-height elementor-section-full_width elementor-section-height-default elementor-section-items-middle\" data-id=\"ca7541c\" data-element_type=\"section\" data-settings=\"{&quot;background_background&quot;:&quot;slideshow&quot;,&quot;background_slideshow_gallery&quot;:[{&quot;id&quot;:3068,&quot;url&quot;:&quot;https:\\\/\\\/www.paderborn.com.vn\\\/de\\\/wp-content\\\/uploads\\\/2023\\\/10\\\/header_banner_child_1440_480_01.jpg&quot;},{&quot;id&quot;:3072,&quot;url&quot;:&quot;https:\\\/\\\/www.paderborn.com.vn\\\/de\\\/wp-content\\\/uploads\\\/2023\\\/10\\\/header_banner_child_1440_480_01-1.jpg&quot;}],&quot;background_slideshow_transition_duration&quot;:5000,&quot;background_slideshow_slide_duration&quot;:0,&quot;background_slideshow_slide_transition&quot;:&quot;slide_up&quot;,&quot;background_slideshow_loop&quot;:&quot;yes&quot;}\">\n\t\t\t\t\t\t\t<div class=\"elementor-background-overlay\"><\/div>\n\t\t\t\t\t\t\t<div class=\"elementor-container elementor-column-gap-no\">\n\t\t\t\t\t<div class=\"elementor-column elementor-col-100 elementor-top-column elementor-element elementor-element-be10890\" data-id=\"be10890\" data-element_type=\"column\">\n\t\t\t<div class=\"elementor-widget-wrap elementor-element-populated\">\n\t\t\t\t\t\t\t\t<div class=\"elementor-element elementor-element-30c2f5b animated-slow elementor-invisible elementor-widget elementor-widget-heading\" data-id=\"30c2f5b\" data-element_type=\"widget\" data-settings=\"{&quot;_animation&quot;:&quot;fadeInDown&quot;,&quot;_animation_delay&quot;:200}\" data-widget_type=\"heading.default\">\n\t\t\t\t<div class=\"elementor-widget-container\">\n\t\t\t<style>\/*! elementor - v3.16.0 - 17-10-2023 *\/\n.elementor-heading-title{padding:0;margin:0;line-height:1}.elementor-widget-heading .elementor-heading-title[class*=elementor-size-]>a{color:inherit;font-size:inherit;line-height:inherit}.elementor-widget-heading .elementor-heading-title.elementor-size-small{font-size:15px}.elementor-widget-heading .elementor-heading-title.elementor-size-medium{font-size:19px}.elementor-widget-heading .elementor-heading-title.elementor-size-large{font-size:29px}.elementor-widget-heading .elementor-heading-title.elementor-size-xl{font-size:39px}.elementor-widget-heading .elementor-heading-title.elementor-size-xxl{font-size:59px}<\/style><h1 class=\"elementor-heading-title elementor-size-default\">KANN NICHT VERZ\u00d6GERN!<\/h1>\t\t<\/div>\n\t\t\t\t<\/div>\n\t\t\t\t\t<\/div>\n\t\t<\/div>\n\t\t\t\t\t\t\t<\/div>\n\t\t<\/section>\n\t\t\t\t<section class=\"elementor-section elementor-top-section elementor-element elementor-element-6993a30 animated-slow elementor-section-boxed elementor-section-height-default elementor-section-height-default\" data-id=\"6993a30\" data-element_type=\"section\" data-settings=\"{&quot;animation&quot;:&quot;none&quot;,&quot;animation_delay&quot;:500}\">\n\t\t\t\t\t\t<div class=\"elementor-container elementor-column-gap-default\">\n\t\t\t\t\t<div class=\"elementor-column elementor-col-100 elementor-top-column elementor-element elementor-element-3e1a0f8 animated-slow\" data-id=\"3e1a0f8\" data-element_type=\"column\" data-settings=\"{&quot;background_background&quot;:&quot;classic&quot;,&quot;animation&quot;:&quot;none&quot;,&quot;animation_delay&quot;:100}\">\n\t\t\t<div class=\"elementor-widget-wrap elementor-element-populated\">\n\t\t\t\t\t\t\t\t<div class=\"elementor-element elementor-element-57fe600 elementor-widget__width-inherit elementor-widget elementor-widget-heading\" data-id=\"57fe600\" data-element_type=\"widget\" data-widget_type=\"heading.default\">\n\t\t\t\t<div class=\"elementor-widget-container\">\n\t\t\t<h2 class=\"elementor-heading-title elementor-size-default\">GENIESSEN SIE DIE REINE ESSENZ IN JEDEM TROPFEN PADERBORNER BIER!<\/h2>\t\t<\/div>\n\t\t\t\t<\/div>\n\t\t\t\t\t<\/div>\n\t\t<\/div>\n\t\t\t\t\t\t\t<\/div>\n\t\t<\/section>\n\t\t\t\t<section class=\"elementor-section elementor-top-section elementor-element elementor-element-3b13e1e animated-slow elementor-section-full_width elementor-section-height-default elementor-section-height-default\" data-id=\"3b13e1e\" data-element_type=\"section\" data-settings=\"{&quot;animation&quot;:&quot;none&quot;,&quot;animation_delay&quot;:500}\">\n\t\t\t\t\t\t<div class=\"elementor-container elementor-column-gap-default\">\n\t\t\t\t\t<div class=\"elementor-column elementor-col-50 elementor-top-column elementor-element elementor-element-a53d904 animated-slow\" data-id=\"a53d904\" data-element_type=\"column\" data-settings=\"{&quot;background_background&quot;:&quot;classic&quot;,&quot;animation&quot;:&quot;none&quot;,&quot;animation_delay&quot;:100}\">\n\t\t\t<div class=\"elementor-widget-wrap elementor-element-populated\">\n\t\t\t\t\t\t\t\t<div class=\"elementor-element elementor-element-13102eb elementor-widget elementor-widget-text-editor\" data-id=\"13102eb\" data-element_type=\"widget\" data-widget_type=\"text-editor.default\">\n\t\t\t\t<div class=\"elementor-widget-container\">\n\t\t\t<style>\/*! elementor - v3.16.0 - 17-10-2023 *\/\n.elementor-widget-text-editor.elementor-drop-cap-view-stacked .elementor-drop-cap{background-color:#69727d;color:#fff}.elementor-widget-text-editor.elementor-drop-cap-view-framed .elementor-drop-cap{color:#69727d;border:3px solid;background-color:transparent}.elementor-widget-text-editor:not(.elementor-drop-cap-view-default) .elementor-drop-cap{margin-top:8px}.elementor-widget-text-editor:not(.elementor-drop-cap-view-default) .elementor-drop-cap-letter{width:1em;height:1em}.elementor-widget-text-editor .elementor-drop-cap{float:left;text-align:center;line-height:1;font-size:50px}.elementor-widget-text-editor .elementor-drop-cap-letter{display:inline-block}<\/style>\t\t\t\t<p>VORSTELLUNG DER PILSNER LIGHT BIERLINIE \u2013 PADERBORNER H\u00d6LLE<\/p><p><br \/>Willkommen in der neuen Welt des Bieres \u2013 der Welt der kreativen Verbindung zwischen Tradition und Moderne \u2013 der Welt des \u201eH\u00f6llenbiers\u201c der Paderborner Brauerei. Mit brennendem Enthusiasmus und besten Brautechniken hat die Paderborner Brauerei eine neue Bierlinie kreiert, die kunstvoll, einzigartig und jugendlich ist.<\/p><p><br \/>Das &#8220;Hell\u201c-Bier der Paderborner Brauerei ist eine besondere Version des Premium Lagerbiers, eine raffinierte Kombination aus ausgew\u00e4hltem Getreide und fortschrittlichen Fermentationstechniken. Mit der leuchtend gelben Farbe der Sommersonne und dem charakteristischen Aroma bietet \u201eHell\u201c-Bier ein starkes und erfrischendes Geschmackserlebnis.<br \/>Durch die Akribie im Herstellungsprozess gepaart mit dem meisterlichen K\u00f6nnen der Brauer der Paderborner Brauerei ist eine einzigartige \u201eH\u00f6llen\u201c-Bierlinie entstanden. Mit einer sanften S\u00fc\u00dfe, die sich perfekt mit einer angenehmen Bitterkeit verbindet, schafft Paderborner Hell authentische Biergenusserlebnisse.<\/p><p><br \/>&#8220;Hell\u201c-Bier ist nicht nur eine gute Wahl f\u00fcr Liebhaber traditioneller Aromen, sondern auch ein Symbol f\u00fcr Innovation, Kreativit\u00e4t und Jugend in der Bierwelt. Tauchen Sie ein in eine Welt neuer und frischer Geschmacksrichtungen mit dem \u201eHell\u201c-Bier der Paderborner Brauerei GmbH.<\/p>\t\t\t\t\t\t<\/div>\n\t\t\t\t<\/div>\n\t\t\t\t<div class=\"elementor-element elementor-element-f9a58c9 elementor-widget elementor-widget-text-editor\" data-id=\"f9a58c9\" data-element_type=\"widget\" data-widget_type=\"text-editor.default\">\n\t\t\t\t<div class=\"elementor-widget-container\">\n\t\t\t\t\t\t\t<blockquote><p style=\"text-align: center;\"><strong>Bestellhotline<\/strong>: +84 9 3777 1666<\/p><\/blockquote>\t\t\t\t\t\t<\/div>\n\t\t\t\t<\/div>\n\t\t\t\t\t<\/div>\n\t\t<\/div>\n\t\t\t\t<div class=\"elementor-column elementor-col-50 elementor-top-column elementor-element elementor-element-6b5edd9 animated-slow\" data-id=\"6b5edd9\" data-element_type=\"column\" data-settings=\"{&quot;background_background&quot;:&quot;classic&quot;,&quot;animation&quot;:&quot;none&quot;,&quot;animation_delay&quot;:100}\">\n\t\t\t<div class=\"elementor-widget-wrap elementor-element-populated\">\n\t\t\t\t\t\t\t\t<div class=\"elementor-element elementor-element-ea2e557 elementor-widget elementor-widget-image\" data-id=\"ea2e557\" data-element_type=\"widget\" data-widget_type=\"image.default\">\n\t\t\t\t<div class=\"elementor-widget-container\">\n\t\t\t<style>\/*! elementor - v3.16.0 - 17-10-2023 *\/\n.elementor-widget-image{text-align:center}.elementor-widget-image a{display:inline-block}.elementor-widget-image a img[src$=\".svg\"]{width:48px}.elementor-widget-image img{vertical-align:middle;display:inline-block}<\/style>\t\t\t\t\t\t\t\t\t<figure class=\"wp-caption\">\n\t\t\t\t\t\t\t\t\t\t<img decoding=\"async\" src=\"https:\/\/www.paderborn.com.vn\/de\/wp-content\/uploads\/elementor\/thumbs\/paderborner-hell-products-01-600-800-qvw4qqk69yj2bfnu86vxsv88osc0u92xaqf5d87u2o.jpg\" title=\"paderborner hell products 01 600 800\" alt=\"paderborner hell products 01 600 800\" loading=\"lazy\" \/>\t\t\t\t\t\t\t\t\t\t\t<figcaption class=\"widget-image-caption wp-caption-text\">PADERBORNER HELL<\/figcaption>\n\t\t\t\t\t\t\t\t\t\t<\/figure>\n\t\t\t\t\t\t\t\t\t<\/div>\n\t\t\t\t<\/div>\n\t\t\t\t\t<\/div>\n\t\t<\/div>\n\t\t\t\t\t\t\t<\/div>\n\t\t<\/section>\n\t\t\t\t<section class=\"elementor-section elementor-top-section elementor-element elementor-element-caef436 animated-slow elementor-section-boxed elementor-section-height-default elementor-section-height-default\" data-id=\"caef436\" data-element_type=\"section\" data-settings=\"{&quot;animation&quot;:&quot;none&quot;,&quot;animation_delay&quot;:500}\">\n\t\t\t\t\t\t<div class=\"elementor-container elementor-column-gap-default\">\n\t\t\t\t\t<div class=\"elementor-column elementor-col-100 elementor-top-column elementor-element elementor-element-bf03e44 animated-slow\" data-id=\"bf03e44\" data-element_type=\"column\" data-settings=\"{&quot;background_background&quot;:&quot;classic&quot;,&quot;animation&quot;:&quot;none&quot;,&quot;animation_delay&quot;:100}\">\n\t\t\t<div class=\"elementor-widget-wrap elementor-element-populated\">\n\t\t\t\t\t\t\t\t\t<\/div>\n\t\t<\/div>\n\t\t\t\t\t\t\t<\/div>\n\t\t<\/section>\n\t\t\t\t\t\t\t<\/div>\n\t\t","protected":false},"excerpt":{"rendered":"<p>KANN NICHT VERZ\u00d6GERN! GENIESSEN SIE DIE REINE ESSENZ IN JEDEM TROPFEN PADERBORNER BIER! VORSTELLUNG DER PILSNER LIGHT BIERLINIE \u2013 PADERBORNER H\u00d6LLE Willkommen in der neuen Welt des Bieres \u2013 der Welt der kreativen Verbindung zwischen Tradition und Moderne \u2013 der Welt des \u201eH\u00f6llenbiers\u201c der Paderborner Brauerei. Mit brennendem Enthusiasmus und besten Brautechniken hat die Paderborner &hellip;<\/p>\n<p class=\"read-more\"> <a class=\"\" href=\"https:\/\/www.paderborn.com.vn\/de\/paderborner-bier\/paderborner-hell\/\"> <span class=\"screen-reader-text\">PADERBORNER HELL<\/span> Read More &raquo;<\/a><\/p>\n","protected":false},"author":1,"featured_media":0,"parent":3195,"menu_order":2,"comment_status":"closed","ping_status":"closed","template":"","meta":{"site-sidebar-layout":"no-sidebar","site-content-layout":"page-builder","ast-site-content-layout":"","site-content-style":"default","site-sidebar-style":"default","ast-global-header-display":"","ast-banner-title-visibility":"","ast-main-header-display":"","ast-hfb-above-header-display":"","ast-hfb-below-header-display":"","ast-hfb-mobile-header-display":"","site-post-title":"disabled","ast-breadcrumbs-content":"","ast-featured-img":"disabled","footer-sml-layout":"","theme-transparent-header-meta":"enabled","adv-header-id-meta":"","stick-header-meta":"","header-above-stick-meta":"","header-main-stick-meta":"","header-below-stick-meta":"","astra-migrate-meta-layouts":"","footnotes":""},"class_list":["post-3608","page","type-page","status-publish","hentry"],"_links":{"self":[{"href":"https:\/\/www.paderborn.com.vn\/de\/wp-json\/wp\/v2\/pages\/3608","targetHints":{"allow":["GET"]}}],"collection":[{"href":"https:\/\/www.paderborn.com.vn\/de\/wp-json\/wp\/v2\/pages"}],"about":[{"href":"https:\/\/www.paderborn.com.vn\/de\/wp-json\/wp\/v2\/types\/page"}],"author":[{"embeddable":true,"href":"https:\/\/www.paderborn.com.vn\/de\/wp-json\/wp\/v2\/users\/1"}],"replies":[{"embeddable":true,"href":"https:\/\/www.paderborn.com.vn\/de\/wp-json\/wp\/v2\/comments?post=3608"}],"version-history":[{"count":4,"href":"https:\/\/www.paderborn.com.vn\/de\/wp-json\/wp\/v2\/pages\/3608\/revisions"}],"predecessor-version":[{"id":3612,"href":"https:\/\/www.paderborn.com.vn\/de\/wp-json\/wp\/v2\/pages\/3608\/revisions\/3612"}],"up":[{"embeddable":true,"href":"https:\/\/www.paderborn.com.vn\/de\/wp-json\/wp\/v2\/pages\/3195"}],"wp:attachment":[{"href":"https:\/\/www.paderborn.com.vn\/de\/wp-json\/wp\/v2\/media?parent=3608"}],"curies":[{"name":"wp","href":"https:\/\/api.w.org\/{rel}","templated":true}]}}