{"id":3153,"date":"2023-10-17T18:46:09","date_gmt":"2023-10-17T11:46:09","guid":{"rendered":"https:\/\/www.paderborn.com.vn\/vn\/?page_id=3153"},"modified":"2023-10-19T11:57:50","modified_gmt":"2023-10-19T04:57:50","slug":"nha-may-bia-paderborn-duc","status":"publish","type":"page","link":"https:\/\/www.paderborn.com.vn\/vn\/gioi-thieu\/nha-may-bia-paderborn-duc\/","title":{"rendered":"NH\u00c0 M\u00c1Y BIA PADERBORN \u0110\u1ee8C"},"content":{"rendered":"\t\t<div data-elementor-type=\"wp-page\" data-elementor-id=\"3153\" class=\"elementor elementor-3153\" data-elementor-post-type=\"page\">\n\t\t\t\t\t\t\t\t\t<section class=\"elementor-section elementor-top-section elementor-element elementor-element-ca7541c elementor-section-height-min-height elementor-section-full_width elementor-section-height-default elementor-section-items-middle\" data-id=\"ca7541c\" data-element_type=\"section\" data-settings=\"{&quot;background_background&quot;:&quot;slideshow&quot;,&quot;background_slideshow_gallery&quot;:[{&quot;id&quot;:3068,&quot;url&quot;:&quot;https:\\\/\\\/www.paderborn.com.vn\\\/vn\\\/wp-content\\\/uploads\\\/2023\\\/10\\\/header_banner_child_1440_480_01.jpg&quot;},{&quot;id&quot;:3072,&quot;url&quot;:&quot;https:\\\/\\\/www.paderborn.com.vn\\\/vn\\\/wp-content\\\/uploads\\\/2023\\\/10\\\/header_banner_child_1440_480_01-1.jpg&quot;}],&quot;background_slideshow_transition_duration&quot;:5000,&quot;background_slideshow_slide_duration&quot;:0,&quot;background_slideshow_slide_transition&quot;:&quot;slide_up&quot;,&quot;background_slideshow_loop&quot;:&quot;yes&quot;}\">\n\t\t\t\t\t\t\t<div class=\"elementor-background-overlay\"><\/div>\n\t\t\t\t\t\t\t<div class=\"elementor-container elementor-column-gap-no\">\n\t\t\t\t\t<div class=\"elementor-column elementor-col-100 elementor-top-column elementor-element elementor-element-be10890\" data-id=\"be10890\" data-element_type=\"column\">\n\t\t\t<div class=\"elementor-widget-wrap elementor-element-populated\">\n\t\t\t\t\t\t\t\t<div class=\"elementor-element elementor-element-30c2f5b animated-slow elementor-invisible elementor-widget elementor-widget-heading\" data-id=\"30c2f5b\" data-element_type=\"widget\" data-settings=\"{&quot;_animation&quot;:&quot;fadeInDown&quot;,&quot;_animation_delay&quot;:200}\" data-widget_type=\"heading.default\">\n\t\t\t\t<div class=\"elementor-widget-container\">\n\t\t\t<style>\/*! elementor - v3.16.0 - 17-10-2023 *\/\n.elementor-heading-title{padding:0;margin:0;line-height:1}.elementor-widget-heading .elementor-heading-title[class*=elementor-size-]>a{color:inherit;font-size:inherit;line-height:inherit}.elementor-widget-heading .elementor-heading-title.elementor-size-small{font-size:15px}.elementor-widget-heading .elementor-heading-title.elementor-size-medium{font-size:19px}.elementor-widget-heading .elementor-heading-title.elementor-size-large{font-size:29px}.elementor-widget-heading .elementor-heading-title.elementor-size-xl{font-size:39px}.elementor-widget-heading .elementor-heading-title.elementor-size-xxl{font-size:59px}<\/style><h1 class=\"elementor-heading-title elementor-size-default\">KH\u00d4NG TH\u1ec2 CH\u1eacM TR\u1ec4!<\/h1>\t\t<\/div>\n\t\t\t\t<\/div>\n\t\t\t\t\t<\/div>\n\t\t<\/div>\n\t\t\t\t\t\t\t<\/div>\n\t\t<\/section>\n\t\t\t\t<section class=\"elementor-section elementor-top-section elementor-element elementor-element-4ab7298 animated-slow elementor-section-boxed elementor-section-height-default elementor-section-height-default\" data-id=\"4ab7298\" data-element_type=\"section\" data-settings=\"{&quot;animation&quot;:&quot;none&quot;,&quot;animation_delay&quot;:500}\">\n\t\t\t\t\t\t<div class=\"elementor-container elementor-column-gap-default\">\n\t\t\t\t\t<div class=\"elementor-column elementor-col-100 elementor-top-column elementor-element elementor-element-9627419 animated-slow\" data-id=\"9627419\" data-element_type=\"column\" data-settings=\"{&quot;background_background&quot;:&quot;classic&quot;,&quot;animation&quot;:&quot;none&quot;,&quot;animation_delay&quot;:100}\">\n\t\t\t<div class=\"elementor-widget-wrap elementor-element-populated\">\n\t\t\t\t\t\t\t\t<div class=\"elementor-element elementor-element-9cc06c8 elementor-widget__width-inherit elementor-widget elementor-widget-heading\" data-id=\"9cc06c8\" data-element_type=\"widget\" data-widget_type=\"heading.default\">\n\t\t\t\t<div class=\"elementor-widget-container\">\n\t\t\t<h2 class=\"elementor-heading-title elementor-size-default\">NH\u00c0 M\u00c1Y BIA PADERBORN \u0110\u1ee8C<\/h2>\t\t<\/div>\n\t\t\t\t<\/div>\n\t\t\t\t\t<\/div>\n\t\t<\/div>\n\t\t\t\t\t\t\t<\/div>\n\t\t<\/section>\n\t\t\t\t<section class=\"elementor-section elementor-top-section elementor-element elementor-element-03e343d animated-slow elementor-section-full_width elementor-section-height-default elementor-section-height-default\" data-id=\"03e343d\" data-element_type=\"section\" data-settings=\"{&quot;animation&quot;:&quot;none&quot;,&quot;animation_delay&quot;:500}\">\n\t\t\t\t\t\t<div class=\"elementor-container elementor-column-gap-default\">\n\t\t\t\t\t<div class=\"elementor-column elementor-col-50 elementor-top-column elementor-element elementor-element-431ee61 animated-slow\" data-id=\"431ee61\" data-element_type=\"column\" data-settings=\"{&quot;background_background&quot;:&quot;classic&quot;,&quot;animation&quot;:&quot;none&quot;,&quot;animation_delay&quot;:100}\">\n\t\t\t<div class=\"elementor-widget-wrap elementor-element-populated\">\n\t\t\t\t\t\t\t\t<div class=\"elementor-element elementor-element-d4a9816 elementor-widget elementor-widget-text-editor\" data-id=\"d4a9816\" data-element_type=\"widget\" data-widget_type=\"text-editor.default\">\n\t\t\t\t<div class=\"elementor-widget-container\">\n\t\t\t<style>\/*! elementor - v3.16.0 - 17-10-2023 *\/\n.elementor-widget-text-editor.elementor-drop-cap-view-stacked .elementor-drop-cap{background-color:#69727d;color:#fff}.elementor-widget-text-editor.elementor-drop-cap-view-framed .elementor-drop-cap{color:#69727d;border:3px solid;background-color:transparent}.elementor-widget-text-editor:not(.elementor-drop-cap-view-default) .elementor-drop-cap{margin-top:8px}.elementor-widget-text-editor:not(.elementor-drop-cap-view-default) .elementor-drop-cap-letter{width:1em;height:1em}.elementor-widget-text-editor .elementor-drop-cap{float:left;text-align:center;line-height:1;font-size:50px}.elementor-widget-text-editor .elementor-drop-cap-letter{display:inline-block}<\/style>\t\t\t\t<p>Nh\u00e0 m\u00e1y bia Paderborn l\u00e0 m\u1ed9t nh\u00e0 m\u00e1y bia hi\u1ec7n \u0111\u1ea1i, hi\u1ec7u qu\u1ea3 v\u00e0 c\u00f3 truy\u1ec1n th\u1ed1ng s\u1ea3n xu\u1ea5t bia t\u1eeb n\u0103m 1852. N\u0103m 1990, nh\u00e0 m\u00e1y bia Paderborn tr\u1edf th\u00e0nh m\u1ed9t ph\u1ea7n c\u1ee7a T\u1eadp \u0111o\u00e0n Warsteiner.<\/p><p>\u00a0<\/p><p>C\u00e1c s\u1ea3n ph\u1ea9m bia c\u1ee7a ch\u00fang t\u00f4i bao g\u1ed3m Paderborner Pilsener, Paderborner Export, Paderborner Hell, Paderborner Alt, Paderborner Alcohol-Free, Paderborner Radler v\u00e0 Paderborner Malt kh\u00f4ng c\u1ed3n. Danh m\u1ee5c n\u00e0y \u0111\u01b0\u1ee3c ho\u00e0n thi\u1ec7n b\u1eb1ng c\u00e1c \u0111\u1eb7c s\u1ea3n v\u00f9ng nh\u01b0 Paderborner Pilger \u2013 bia \u0111\u1ed3ng qu\u00ea c\u00f3 m\u00e0u \u0111\u1ee5c t\u1ef1 nhi\u00ean, v\u1ecb ngon d\u1ecbu nh\u1eb9; Pilger Ur-Radler \u2013 Pilger kh\u00f4ng c\u1ed3n; c\u0169ng nh\u01b0 Liborius Dunkel v\u1edbi m\u1ea1ch nha rang h\u1ea3o h\u1ea1ng; v\u00e0 lo\u1ea1i bia nh\u1eb9 v\u00e0 nh\u1eb9 Geselle on the Walz. Nh\u00e0 m\u00e1y bia Paderborn c\u0169ng s\u1ea3n xu\u1ea5t c\u00e1c nh\u00e3n hi\u1ec7u bia t\u01b0\u01a1i \u0111\u1ecba ph\u01b0\u01a1ng cao c\u1ea5p c\u1ee7a nh\u01b0 Isenbeck Premium Pils, Weissenburg Pilsener v\u00e0 Paderborner Gold.<\/p><p>\u00a0<\/p><p>V\u1edbi m\u1ee5c ti\u00eau ph\u00e1t tri\u1ec3n b\u1ec1n v\u1eefng, ch\u00fang t\u00f4i t\u1ef1 h\u00e0o s\u1ea3n xu\u1ea5t bia b\u1eb1ng n\u0103ng l\u01b0\u1ee3ng gi\u00f3 trong nh\u00e0 m\u00e1y bia Paderborn.\u00a0<\/p><p>\u00a0<\/p><p>Paderborner l\u00e0 lo\u1ea1i bia \u0111\u1ea7u ti\u00ean \u1edf \u0110\u1ee9c \u0111\u01b0\u1ee3c s\u1ea3n xu\u1ea5t b\u1eb1ng n\u0103ng l\u01b0\u1ee3ng gi\u00f3. Nh\u00e0 m\u00e1y bia Paderborn \u0111\u00e1p \u1ee9ng 40% nhu c\u1ea7u \u0111i\u1ec7n h\u00e0ng n\u0103m t\u1eeb tuabin gi\u00f3 tr\u00ean \u0111\u1ecba \u0111i\u1ec3m nh\u00e0 m\u00e1y bia c\u1ee7a ch\u00fang t\u00f4i. B\u1eb1ng c\u00e1ch n\u00e0y, nh\u00e0 m\u00e1y bia thay th\u1ebf nhi\u00ean li\u1ec7u h\u00f3a th\u1ea1ch b\u1eb1ng n\u0103ng l\u01b0\u1ee3ng t\u00e1i t\u1ea1o v\u00e0 li\u00ean t\u1ee5c th\u1ef1c hi\u1ec7n c\u00e1c ho\u1ea1t \u0111\u1ed9ng b\u1ec1n v\u1eefng v\u1ec1 m\u1eb7t sinh th\u00e1i.<\/p><p>\u00a0<\/p><p>\u0110\u1ecba \u0111i\u1ec3m n\u00e0y l\u00e0 m\u1ed9t trong nh\u1eefng \u0111\u1ecba \u0111i\u1ec3m n\u1ed9i \u0111\u1ecba l\u1ed9ng gi\u00f3 nh\u1ea5t \u1edf \u0110\u1ee9c. Tua bin gi\u00f3 Paderborn c\u00f3 th\u1ec3 t\u1ea1o ra kho\u1ea3ng 5 tri\u1ec7u kilowatt gi\u1edd (kWh) \u0111i\u1ec7n m\u1ed7i n\u0103m. T\u1ed5ng chi\u1ec1u cao c\u1ee7a khu ph\u1ee9c h\u1ee3p \u1ea5n t\u01b0\u1ee3ng n\u00e0y l\u00e0 170m \u2013 cao h\u01a1n Nh\u00e0 th\u1edd l\u1edbn Cologne 12m!<\/p><p>\u00a0<\/p><p><strong>Paderborner \u2013 M\u1ed9t lo\u1ea1i bia c\u00f3 truy\u1ec1n th\u1ed1ng<\/strong><\/p><p>\u00a0<\/p><p>Vi\u1ec7c m\u1ecdi ng\u01b0\u1eddi \u0111\u1ec1u \u0111\u01b0\u1ee3c ph\u00e9p n\u1ea5u bia v\u00e0o th\u1eddi Trung c\u1ed5 \u0111\u00e3 d\u1eabn \u0111\u1ebfn s\u1ed1 l\u01b0\u1ee3ng nh\u00e0 m\u00e1y bia \u1edf Paderborn kh\u00f4ng th\u1ec3 qu\u1ea3n l\u00fd \u0111\u01b0\u1ee3c. \u0110i\u1ec1u n\u00e0y thay \u0111\u1ed5i r\u1ea5t \u00edt qua nhi\u1ec1u th\u1ebf k\u1ef7 v\u00e0 v\u00ec v\u1eady s\u1ed1 l\u01b0\u1ee3ng nh\u00e0 m\u00e1y bia \u1edf Paderborn v\u00e0o th\u1ebf k\u1ef7 16 v\u1eabn \u0111\u01b0\u1ee3c \u01b0\u1edbc t\u00ednh v\u00e0o kho\u1ea3ng 400. V\u00e0o th\u1eddi \u0111i\u1ec3m \u0111\u00f3, hoa bia Paderwasser v\u00e0 Paderborn \u0111\u00e3 r\u1ea5t ph\u1ed5 bi\u1ebfn v\u00e0 l\u00fd t\u01b0\u1edfng \u0111\u1ec3 s\u1ea3n xu\u1ea5t nh\u1eefng lo\u1ea1i bia ngon.<\/p><p>\u00a0<\/p><p>Trong khi nhi\u1ec1u tu vi\u1ec7n, ph\u01b0\u1eddng h\u1ed9i v\u00e0 b\u1ec7nh vi\u1ec7n v\u1eabn tham gia s\u1ea3n xu\u1ea5t bia v\u00e0o th\u1ebf k\u1ef7 18, con s\u1ed1 n\u00e0y \u0111\u00e3 gi\u1ea3m m\u1ea1nh trong nh\u1eefng th\u1ebf k\u1ef7 ti\u1ebfp theo. Kho\u1ea3ng n\u0103m 1900 ch\u1ec9 c\u00f2n l\u1ea1i 5 nh\u00e0 m\u00e1y bia. Nh\u00e0 m\u00e1y bia Paderborn n\u1ed5i l\u00ean t\u1eeb \u201cnh\u00e0 m\u00e1y bia Hillemeyer\u201d v\u1edbi t\u00ean g\u1ecdi \u201cPaderborner Actienbrauerei\u201d. N\u0103m 1918, ngay sau Th\u1ebf chi\u1ebfn th\u1ee9 nh\u1ee9t, Paderborner Actien Brauerei s\u00e1p nh\u1eadp v\u1edbi Vereinsbrauerei Sch\u00f6nbeck &amp; Co. M\u1ed9t th\u1eddi gian ng\u1eafn sau \u0111\u00f3, nh\u00e0 m\u00e1y \u0111\u01b0\u1ee3c \u0111\u1ed5i t\u00ean th\u00e0nh \u201cPaderborner Vereinsbrauerei GmbH\u201d. T\u1eeb n\u0103m 1965 tr\u1edf \u0111i \u0111\u01b0\u1ee3c g\u1ecdi l\u00e0 \u201cNh\u00e0 m\u00e1y bia Paderborner GmbH\u201d. N\u0103m 1983, nh\u00e0 m\u00e1y bia \u1edf trung t\u00e2m th\u00e0nh ph\u1ed1 b\u1ecb b\u1ecf hoang v\u00e0 chuy\u1ec3n \u0111\u1ebfn ch\u1ed7 m\u1edbi trong khu c\u00f4ng nghi\u1ec7p M\u00f6nkeloh. Ng\u00e0y nay ch\u1ec9 c\u00f3 t\u00ean \u0111\u01b0\u1eddng \u201cNh\u00e0 m\u00e1y bia Alte\u201d \u0111\u1ec3 nh\u1eadn bi\u1ebft \u0111\u1ecba \u0111i\u1ec3m truy\u1ec1n th\u1ed1ng n\u00e0y. N\u0103m 1990, gia \u0111\u00ecnh Nies, ng\u01b0\u1eddi s\u1edf h\u1eefu nh\u00e0 m\u00e1y bia, \u0111\u00e3 b\u00e1n doanh nghi\u1ec7p cho Nh\u00e0 m\u00e1y bia Warsteiner. K\u1ec3 t\u1eeb \u0111\u00f3, nhi\u1ec1u lo\u1ea1i bia kh\u00e1c nhau \u0111\u00e3 \u0111\u01b0\u1ee3c s\u1ea3n xu\u1ea5t r\u1ea5t th\u00e0nh c\u00f4ng d\u01b0\u1edbi t\u00ean m\u1edbi \u201cPaderborner Brauhaus Cramer\u201d.<\/p><p>\u00a0<\/p><p><strong>S\u1ef1 th\u00e0nh c\u00f4ng c\u1ee7a chai Paderborner Snobby<\/strong><\/p><p>\u00a0<\/p><p>M\u1ed9t s\u1ef1 ki\u1ec7n h\u1ebft s\u1ee9c \u0111\u1eb7c bi\u1ec7t tr\u00ean th\u1ecb tr\u01b0\u1eddng bia r\u1ed9ng l\u1edbn c\u1ee7a \u0110\u1ee9c v\u00e0o nh\u1eefng n\u0103m 1970 l\u00e0 s\u1ef1 ra \u0111\u1eddi c\u1ee7a lo\u1ea1i chai Snobby. H\u00ecnh d\u1ea1ng chai th\u1ee7y tinh \u0111\u1ed9c \u0111\u00e1o d\u00f9ng m\u1ed9t l\u1ea7n \u0111\u00e3 t\u1ea1o n\u00ean s\u1ef1 h\u1ea5p d\u1eabn l\u1edbn v\u1edbi ng\u01b0\u1eddi ti\u00eau d\u00f9ng. Thi\u1ebft k\u1ebf \u0111\u1eb7c bi\u1ec7t c\u1ee7a n\u00f3 \u0111\u00e3 khi\u1ebfn n\u00f3 tr\u1edf n\u00ean n\u1ed5i ti\u1ebfng trong khu v\u1ef1c v\u00e0 \u0111\u01b0\u1ee3c nh\u1eefng ng\u01b0\u1eddi y\u00eau th\u00edch bia \u01b0a chu\u1ed9ng. N\u1eafp c\u1ee7a chai \u0111\u01b0\u1ee3c thi\u1ebft k\u1ebf b\u1eb1ng v\u00f2ng x\u00e9 c\u00f3 th\u1ec3 d\u1ec5 d\u00e0ng m\u1edf ra m\u00e0 kh\u00f4ng c\u1ea7n b\u1ea5t k\u1ef3 s\u1ef1 tr\u1ee3 gi\u00fap n\u00e0o. Lo\u1ea1i chai Snobby n\u00e0y bi\u1ebfn m\u1ea5t kh\u1ecfi th\u1ecb tr\u01b0\u1eddng khi vi\u1ec7c s\u1ea3n xu\u1ea5t chuy\u1ec3n sang s\u1eed d\u1ee5ng chai t\u00e1i s\u1eed d\u1ee5ng v\u00e0o cu\u1ed1i nh\u1eefng n\u0103m 1980. C\u00f3 l\u1ebd c\u0169ng b\u1edfi v\u00ec th\u1ecb tr\u01b0\u1eddng ng\u00e0y nay \u0111\u00f2i h\u1ecfi chai th\u1ee7y tinh ho\u1eb7c lon c\u00f3 th\u1ec3 t\u00e1i s\u1eed d\u1ee5ng n\u00ean hi\u1ec7n t\u1ea1i lo\u1ea1i chai Snobby kh\u00f4ng c\u00f2n n\u1eefa.<\/p>\t\t\t\t\t\t<\/div>\n\t\t\t\t<\/div>\n\t\t\t\t\t<\/div>\n\t\t<\/div>\n\t\t\t\t<div class=\"elementor-column elementor-col-50 elementor-top-column elementor-element elementor-element-92de2b0 animated-slow\" data-id=\"92de2b0\" data-element_type=\"column\" data-settings=\"{&quot;background_background&quot;:&quot;classic&quot;,&quot;animation&quot;:&quot;none&quot;,&quot;animation_delay&quot;:100}\">\n\t\t\t<div class=\"elementor-widget-wrap elementor-element-populated\">\n\t\t\t\t\t\t\t\t<div class=\"elementor-element elementor-element-6f077df elementor-widget elementor-widget-image\" data-id=\"6f077df\" data-element_type=\"widget\" data-widget_type=\"image.default\">\n\t\t\t\t<div class=\"elementor-widget-container\">\n\t\t\t<style>\/*! elementor - v3.16.0 - 17-10-2023 *\/\n.elementor-widget-image{text-align:center}.elementor-widget-image a{display:inline-block}.elementor-widget-image a img[src$=\".svg\"]{width:48px}.elementor-widget-image img{vertical-align:middle;display:inline-block}<\/style>\t\t\t\t\t\t\t\t\t<figure class=\"wp-caption\">\n\t\t\t\t\t\t\t\t\t\t<img decoding=\"async\" src=\"https:\/\/www.paderborn.com.vn\/vn\/wp-content\/uploads\/2023\/10\/Paderborner_Brauerei_Luftaufnahme_Windrad_1-600-400.jpg\" title=\"Paderborner_Brauerei_Luftaufnahme_Windrad_1 600 400\" alt=\"Paderborner_Brauerei_Luftaufnahme_Windrad_1 600 400\" loading=\"lazy\" \/>\t\t\t\t\t\t\t\t\t\t\t<figcaption class=\"widget-image-caption wp-caption-text\">NH\u00c0 M\u00c1Y BIA PADERBORN \u0110\u1ee8C<\/figcaption>\n\t\t\t\t\t\t\t\t\t\t<\/figure>\n\t\t\t\t\t\t\t\t\t<\/div>\n\t\t\t\t<\/div>\n\t\t\t\t<div class=\"elementor-element elementor-element-2207d1b elementor-widget elementor-widget-text-editor\" data-id=\"2207d1b\" data-element_type=\"widget\" data-widget_type=\"text-editor.default\">\n\t\t\t\t<div class=\"elementor-widget-container\">\n\t\t\t\t\t\t\t<blockquote><p style=\"text-align: center;\"><strong>Hotline mua h\u00e0ng<\/strong>: +84 9 3777 1666<\/p><\/blockquote>\t\t\t\t\t\t<\/div>\n\t\t\t\t<\/div>\n\t\t\t\t\t<\/div>\n\t\t<\/div>\n\t\t\t\t\t\t\t<\/div>\n\t\t<\/section>\n\t\t\t\t<section class=\"elementor-section elementor-top-section elementor-element elementor-element-caef436 animated-slow elementor-section-boxed elementor-section-height-default elementor-section-height-default\" data-id=\"caef436\" data-element_type=\"section\" data-settings=\"{&quot;animation&quot;:&quot;none&quot;,&quot;animation_delay&quot;:500}\">\n\t\t\t\t\t\t<div class=\"elementor-container elementor-column-gap-default\">\n\t\t\t\t\t<div class=\"elementor-column elementor-col-100 elementor-top-column elementor-element elementor-element-bf03e44 animated-slow\" data-id=\"bf03e44\" data-element_type=\"column\" data-settings=\"{&quot;background_background&quot;:&quot;classic&quot;,&quot;animation&quot;:&quot;none&quot;,&quot;animation_delay&quot;:100}\">\n\t\t\t<div class=\"elementor-widget-wrap elementor-element-populated\">\n\t\t\t\t\t\t\t\t\t<\/div>\n\t\t<\/div>\n\t\t\t\t\t\t\t<\/div>\n\t\t<\/section>\n\t\t\t\t\t\t\t<\/div>\n\t\t","protected":false},"excerpt":{"rendered":"<p>KH\u00d4NG TH\u1ec2 CH\u1eacM TR\u1ec4! NH\u00c0 M\u00c1Y BIA PADERBORN \u0110\u1ee8C Nh\u00e0 m\u00e1y bia Paderborn l\u00e0 m\u1ed9t nh\u00e0 m\u00e1y bia hi\u1ec7n \u0111\u1ea1i, hi\u1ec7u qu\u1ea3 v\u00e0 c\u00f3 truy\u1ec1n th\u1ed1ng s\u1ea3n xu\u1ea5t bia t\u1eeb n\u0103m 1852. N\u0103m 1990, nh\u00e0 m\u00e1y bia Paderborn tr\u1edf th\u00e0nh m\u1ed9t ph\u1ea7n c\u1ee7a T\u1eadp \u0111o\u00e0n Warsteiner. \u00a0 C\u00e1c s\u1ea3n ph\u1ea9m bia c\u1ee7a ch\u00fang t\u00f4i bao &hellip;<\/p>\n<p class=\"read-more\"> <a class=\"\" href=\"https:\/\/www.paderborn.com.vn\/vn\/gioi-thieu\/nha-may-bia-paderborn-duc\/\"> <span class=\"screen-reader-text\">NH\u00c0 M\u00c1Y BIA PADERBORN \u0110\u1ee8C<\/span> Read More &raquo;<\/a><\/p>\n","protected":false},"author":1,"featured_media":0,"parent":3163,"menu_order":2,"comment_status":"closed","ping_status":"closed","template":"","meta":{"site-sidebar-layout":"no-sidebar","site-content-layout":"page-builder","ast-site-content-layout":"","site-content-style":"default","site-sidebar-style":"default","ast-global-header-display":"","ast-banner-title-visibility":"","ast-main-header-display":"","ast-hfb-above-header-display":"","ast-hfb-below-header-display":"","ast-hfb-mobile-header-display":"","site-post-title":"disabled","ast-breadcrumbs-content":"","ast-featured-img":"disabled","footer-sml-layout":"","theme-transparent-header-meta":"enabled","adv-header-id-meta":"","stick-header-meta":"","header-above-stick-meta":"","header-main-stick-meta":"","header-below-stick-meta":"","astra-migrate-meta-layouts":"","footnotes":""},"class_list":["post-3153","page","type-page","status-publish","hentry"],"_links":{"self":[{"href":"https:\/\/www.paderborn.com.vn\/vn\/wp-json\/wp\/v2\/pages\/3153","targetHints":{"allow":["GET"]}}],"collection":[{"href":"https:\/\/www.paderborn.com.vn\/vn\/wp-json\/wp\/v2\/pages"}],"about":[{"href":"https:\/\/www.paderborn.com.vn\/vn\/wp-json\/wp\/v2\/types\/page"}],"author":[{"embeddable":true,"href":"https:\/\/www.paderborn.com.vn\/vn\/wp-json\/wp\/v2\/users\/1"}],"replies":[{"embeddable":true,"href":"https:\/\/www.paderborn.com.vn\/vn\/wp-json\/wp\/v2\/comments?post=3153"}],"version-history":[{"count":10,"href":"https:\/\/www.paderborn.com.vn\/vn\/wp-json\/wp\/v2\/pages\/3153\/revisions"}],"predecessor-version":[{"id":3409,"href":"https:\/\/www.paderborn.com.vn\/vn\/wp-json\/wp\/v2\/pages\/3153\/revisions\/3409"}],"up":[{"embeddable":true,"href":"https:\/\/www.paderborn.com.vn\/vn\/wp-json\/wp\/v2\/pages\/3163"}],"wp:attachment":[{"href":"https:\/\/www.paderborn.com.vn\/vn\/wp-json\/wp\/v2\/media?parent=3153"}],"curies":[{"name":"wp","href":"https:\/\/api.w.org\/{rel}","templated":true}]}}